{"id":649,"date":"2022-12-06T05:12:03","date_gmt":"2022-12-06T05:12:03","guid":{"rendered":"https:\/\/drgustavoramirez.com\/?page_id=649"},"modified":"2022-12-06T05:29:48","modified_gmt":"2022-12-06T05:29:48","slug":"doctorgustavoramirez","status":"publish","type":"page","link":"http:\/\/drgustavoramirez.com\/?page_id=649","title":{"rendered":"Doctorgustavoramirez"},"content":{"rendered":"\t\t<div data-elementor-type=\"wp-page\" data-elementor-id=\"649\" class=\"elementor elementor-649\" data-elementor-settings=\"{&quot;ha_cmc_init_switcher&quot;:&quot;no&quot;}\" data-elementor-post-type=\"page\">\n\t\t\t\t\t\t<section class=\"ob-is-breaking-bad elementor-section elementor-top-section elementor-element elementor-element-687670a0 elementor-section-content-bottom elementor-section-height-min-height elementor-section-items-top elementor-section-boxed elementor-section-height-default wpr-particle-no wpr-jarallax-no wpr-parallax-no wpr-sticky-section-no\" data-id=\"687670a0\" data-element_type=\"section\" data-settings=\"{&quot;_ob_bbad_use_it&quot;:&quot;yes&quot;,&quot;_ob_bbad_sssic_use&quot;:&quot;no&quot;,&quot;_ob_glider_is_slider&quot;:&quot;no&quot;,&quot;_ha_eqh_enable&quot;:false}\">\n\t\t\t\t\t\t<div class=\"elementor-container elementor-column-gap-default\">\n\t\t\t\t\t<div class=\"elementor-column elementor-col-50 elementor-top-column elementor-element elementor-element-73aec1f4 elementor-hidden-tablet elementor-hidden-mobile\" data-id=\"73aec1f4\" data-element_type=\"column\" data-settings=\"{&quot;_ob_bbad_is_stalker&quot;:&quot;no&quot;,&quot;_ob_teleporter_use&quot;:false,&quot;_ob_column_hoveranimator&quot;:&quot;no&quot;,&quot;_ob_column_has_pseudo&quot;:&quot;no&quot;}\">\n\t\t\t<div class=\"elementor-widget-wrap elementor-element-populated\">\n\t\t\t\t\t\t<div class=\"elementor-element elementor-element-5a917330 elementor-widget__width-auto elementor-absolute ob-has-background-overlay elementor-widget elementor-widget-image\" data-id=\"5a917330\" data-element_type=\"widget\" data-settings=\"{&quot;_position&quot;:&quot;absolute&quot;,&quot;_ob_photomorph_use&quot;:&quot;no&quot;,&quot;_ob_perspektive_use&quot;:&quot;no&quot;,&quot;_ob_poopart_use&quot;:&quot;yes&quot;,&quot;_ob_shadough_use&quot;:&quot;no&quot;,&quot;_ob_allow_hoveranimator&quot;:&quot;no&quot;,&quot;_ob_widget_stalker_use&quot;:&quot;no&quot;}\" data-widget_type=\"image.default\">\n\t\t\t\t<div class=\"elementor-widget-container\">\n\t\t\t\t\t\t\t\t\t\t\t\t\t\t\t<img decoding=\"async\" width=\"133\" height=\"128\" src=\"http:\/\/drgustavoramirez.com\/wp-content\/uploads\/2022\/10\/Mask-Group.png\" class=\"attachment-large size-large wp-image-30\" alt=\"\" \/>\t\t\t\t\t\t\t\t\t\t\t\t\t\t\t<\/div>\n\t\t\t\t<\/div>\n\t\t\t\t<div class=\"elementor-element elementor-element-35ec11ea elementor-widget__width-auto elementor-absolute ob-has-background-overlay elementor-widget elementor-widget-image\" data-id=\"35ec11ea\" data-element_type=\"widget\" data-settings=\"{&quot;_position&quot;:&quot;absolute&quot;,&quot;_ob_photomorph_use&quot;:&quot;no&quot;,&quot;_ob_perspektive_use&quot;:&quot;no&quot;,&quot;_ob_poopart_use&quot;:&quot;yes&quot;,&quot;_ob_shadough_use&quot;:&quot;no&quot;,&quot;_ob_allow_hoveranimator&quot;:&quot;no&quot;,&quot;_ob_widget_stalker_use&quot;:&quot;no&quot;}\" data-widget_type=\"image.default\">\n\t\t\t\t<div class=\"elementor-widget-container\">\n\t\t\t\t\t\t\t\t\t\t\t\t\t\t\t<img decoding=\"async\" width=\"105\" height=\"158\" src=\"http:\/\/drgustavoramirez.com\/wp-content\/uploads\/2022\/10\/dots.png\" class=\"attachment-large size-large wp-image-21\" alt=\"\" \/>\t\t\t\t\t\t\t\t\t\t\t\t\t\t\t<\/div>\n\t\t\t\t<\/div>\n\t\t\t\t<div class=\"elementor-element elementor-element-13a3aab5 elementor-hidden-tablet elementor-hidden-mobile elementor-invisible ob-has-background-overlay elementor-widget elementor-widget-image\" data-id=\"13a3aab5\" data-element_type=\"widget\" data-settings=\"{&quot;_animation&quot;:&quot;fadeInLeft&quot;,&quot;motion_fx_motion_fx_scrolling&quot;:&quot;yes&quot;,&quot;motion_fx_translateY_effect&quot;:&quot;yes&quot;,&quot;motion_fx_translateY_direction&quot;:&quot;negative&quot;,&quot;motion_fx_translateY_speed&quot;:{&quot;unit&quot;:&quot;px&quot;,&quot;size&quot;:10,&quot;sizes&quot;:[]},&quot;_ob_photomorph_use&quot;:&quot;no&quot;,&quot;_ob_perspektive_use&quot;:&quot;no&quot;,&quot;motion_fx_translateY_affectedRange&quot;:{&quot;unit&quot;:&quot;%&quot;,&quot;size&quot;:&quot;&quot;,&quot;sizes&quot;:{&quot;start&quot;:0,&quot;end&quot;:100}},&quot;motion_fx_devices&quot;:[&quot;desktop&quot;,&quot;tablet&quot;,&quot;mobile&quot;],&quot;_ob_poopart_use&quot;:&quot;yes&quot;,&quot;_ob_shadough_use&quot;:&quot;no&quot;,&quot;_ob_allow_hoveranimator&quot;:&quot;no&quot;,&quot;_ob_widget_stalker_use&quot;:&quot;no&quot;}\" data-widget_type=\"image.default\">\n\t\t\t\t<div class=\"elementor-widget-container\">\n\t\t\t\t\t\t\t\t\t\t\t\t\t\t\t<img fetchpriority=\"high\" decoding=\"async\" width=\"800\" height=\"800\" src=\"http:\/\/drgustavoramirez.com\/wp-content\/uploads\/2022\/12\/Screen-Shot-2021-08-13-at-12.45.29-1024x1024.png\" class=\"attachment-large size-large wp-image-532\" alt=\"\" srcset=\"http:\/\/drgustavoramirez.com\/wp-content\/uploads\/2022\/12\/Screen-Shot-2021-08-13-at-12.45.29-1024x1024.png 1024w, http:\/\/drgustavoramirez.com\/wp-content\/uploads\/2022\/12\/Screen-Shot-2021-08-13-at-12.45.29-300x300.png 300w, http:\/\/drgustavoramirez.com\/wp-content\/uploads\/2022\/12\/Screen-Shot-2021-08-13-at-12.45.29-150x150.png 150w, http:\/\/drgustavoramirez.com\/wp-content\/uploads\/2022\/12\/Screen-Shot-2021-08-13-at-12.45.29-768x768.png 768w, http:\/\/drgustavoramirez.com\/wp-content\/uploads\/2022\/12\/Screen-Shot-2021-08-13-at-12.45.29.png 1200w\" sizes=\"(max-width: 800px) 100vw, 800px\" \/>\t\t\t\t\t\t\t\t\t\t\t\t\t\t\t<\/div>\n\t\t\t\t<\/div>\n\t\t\t\t\t<\/div>\n\t\t<\/div>\n\t\t\t\t<div class=\"elementor-column elementor-col-50 elementor-top-column elementor-element elementor-element-6a6439da\" data-id=\"6a6439da\" data-element_type=\"column\" data-settings=\"{&quot;_ob_bbad_is_stalker&quot;:&quot;no&quot;,&quot;_ob_teleporter_use&quot;:false,&quot;_ob_column_hoveranimator&quot;:&quot;no&quot;,&quot;_ob_column_has_pseudo&quot;:&quot;no&quot;}\">\n\t\t\t<div class=\"elementor-widget-wrap elementor-element-populated\">\n\t\t\t\t\t\t<div class=\"elementor-element elementor-element-24bd2c08 ob-harakiri-inherit ob-has-background-overlay elementor-widget elementor-widget-heading\" data-id=\"24bd2c08\" data-element_type=\"widget\" data-settings=\"{&quot;_ob_use_harakiri&quot;:&quot;yes&quot;,&quot;_ob_harakiri_writing_mode&quot;:&quot;inherit&quot;,&quot;_ob_harakiri_text_clip&quot;:&quot;none&quot;,&quot;_ob_perspektive_use&quot;:&quot;no&quot;,&quot;_ob_poopart_use&quot;:&quot;yes&quot;,&quot;_ob_shadough_use&quot;:&quot;no&quot;,&quot;_ob_allow_hoveranimator&quot;:&quot;no&quot;,&quot;_ob_widget_stalker_use&quot;:&quot;no&quot;}\" data-widget_type=\"heading.default\">\n\t\t\t\t<div class=\"elementor-widget-container\">\n\t\t\t\t\t<h2 class=\"elementor-heading-title elementor-size-default\">DR. GUSTAVO RAMIREZ REYNA<\/h2>\t\t\t\t<\/div>\n\t\t\t\t<\/div>\n\t\t\t\t<div class=\"elementor-element elementor-element-4ee5831 ob-has-background-overlay elementor-widget elementor-widget-eael-adv-tabs\" data-id=\"4ee5831\" data-element_type=\"widget\" data-settings=\"{&quot;_ob_perspektive_use&quot;:&quot;no&quot;,&quot;_ob_poopart_use&quot;:&quot;yes&quot;,&quot;_ob_shadough_use&quot;:&quot;no&quot;,&quot;_ob_allow_hoveranimator&quot;:&quot;no&quot;,&quot;_ob_widget_stalker_use&quot;:&quot;no&quot;}\" data-widget_type=\"eael-adv-tabs.default\">\n\t\t\t\t<div class=\"elementor-widget-container\">\n\t\t\t\t\t        <div data-scroll-on-click=\"no\" data-scroll-speed=\"300\" id=\"eael-advance-tabs-4ee5831\" class=\"eael-advance-tabs eael-tabs-horizontal eael-tab-auto-active \" data-tabid=\"4ee5831\">\n            <div class=\"eael-tabs-nav \">\n                <ul class=\"eael-tab-inline-icon\" role=\"tablist\">\n                                            <li id=\"university\" class=\"inactive eael-tab-item-trigger eael-tab-nav-item\" aria-selected=\"true\" data-tab=\"1\" role=\"tab\" tabindex=\"0\" aria-controls=\"university-tab\" aria-expanded=\"false\">\n                            \n                                                                <i class=\"fas fa-book-open\"><\/i>                                                            \n                                                            <span class=\"eael-tab-title title-after-icon\" >UNIVERSITY<\/span>                            \n                                                    <\/li>\n                                            <li id=\"cursos\" class=\"inactive eael-tab-item-trigger eael-tab-nav-item\" aria-selected=\"false\" data-tab=\"2\" role=\"tab\" tabindex=\"-1\" aria-controls=\"cursos-tab\" aria-expanded=\"false\">\n                            \n                                                                <i class=\"fas fa-university\"><\/i>                                                            \n                                                            <span class=\"eael-tab-title title-after-icon\" >CURSOS<\/span>                            \n                                                    <\/li>\n                                            <li id=\"idiomas\" class=\"inactive eael-tab-item-trigger eael-tab-nav-item\" aria-selected=\"false\" data-tab=\"3\" role=\"tab\" tabindex=\"-1\" aria-controls=\"idiomas-tab\" aria-expanded=\"false\">\n                            \n                                                                <i class=\"fas fa-universal-access\"><\/i>                                                            \n                                                            <span class=\"eael-tab-title title-after-icon\" >IDIOMAS<\/span>                            \n                                                    <\/li>\n                    \n                                  <\/ul>\n            <\/div>\n            \n            <div class=\"eael-tabs-content\">\n\t\t        \n                    <div id=\"university-tab\" class=\"clearfix eael-tab-content-item inactive\" data-title-link=\"university-tab\">\n\t\t\t\t        <p>2000- 2004 Universidad Aut\u00f3noma de Guadalajara \u2014 Guadalajara Jal.<\/p><p>Facultad de medicina curs\u00e9 con los 8 semestres de la carrera de medicina.<br \/>Graduado en el a\u00f1o 2004.<br \/>Realizaci\u00f3n de examen profesional te\u00f3rico practico en julio del 2005, acreditando ambos ex\u00e1menes.<br \/>2004- 2005 Internado Rotatorio de Pregrado \u2014 Guadalajara Jal<\/p><p>Internado rotatorio de pregrado realizado en el Hospital \u00c1ngeles del Carmen, rotando por los servicios de Ginecolog\u00eda y Obstetricia, Medicina Critica, Medicina Interna, Urgencias y Cirug\u00eda, obteniendo carta de terminaci\u00f3n del internado.<br \/>2005 Servicio Social \u2014 Guadalajara Jal<\/p><p>Servicio Social realizado en la modalidad de vinculaci\u00f3n del 01 de Agosto del 2005 al 31 de Julio del 2006 rotando por:<br \/>Primer periodo a el Centro de Salud de San Juan de Ocotan, en Zapopan Jalisco, correspondiente a la regi\u00f3n sanitaria numero X.<br \/>Segundo periodo de servicio social realizado en la Unidad M\u00f3vil del Programa de Medicina en la Comunidad de la UAG.<br \/>2007-2011 Estudios de Postgrado \u2014 Guadalajara Jal<\/p><p>Curso de Especialidad en Ortopedia y Trraumatologia.<br \/>Realizado en CMNO UMAE HE, donde rote durante 4 a\u00f1os durante las diferentes fases de formaci\u00f3n del residente de esta especialidad, cumpliendo con los requisitos y programas de dicha especialidad, adquiriendo diferentes habilidades cl\u00ednico-quir\u00fargicas, finalizando dicho curso en Febrero del 2011.<br \/>Rotando principalmente en los modulos de Columna, Pelvis, acetabulo, Mano y Hombro.<br \/>Actualmente encargado del servicio de Columna y Cadera Traumatica en el Instituto Mexicano del Seguro Social, Hospital General Regional 45 \u201cAyala\u201d en turno matutino.<\/p>                    <\/div>\n\t\t        \n                    <div id=\"cursos-tab\" class=\"clearfix eael-tab-content-item inactive\" data-title-link=\"cursos-tab\">\n\t\t\t\t        <p>2004 ACS \u2014 Guadalajara Jal<\/p><p>Realizaci\u00f3n del curso Advanced Trauma Life Support (ATLS) llevado a cavo en el hospital Angeles del Carmen de la ciudad de Guadalajara, realizando los examenes, acreditando, obteniendo as\u00ed credencial validada por el ACS con validez por 4 a\u00f1os.<br \/>Marzo del 2008 \u2014 Queretaro.<\/p><p>Avances en Cirug\u00eda Ortopedica Pediatrica de AO Foundation (Arbeitsgemeinschaft f\u00fcr Osteosynthesefragen\/ ASIF: Association for the Study of Internal Fixation) Recibiendo Certificado de acreditaci\u00f3n de dicho curso.<br \/>Octubre del 2008 \u2014 Ciudad de Mexico.<\/p><p>Taller Te\u00f3rico-Practico \u201cinstrumentaci\u00f3n pr\u00f3tesis y anatom\u00eda quir\u00fargica de la columna vertebral. Recibiendo Constancia avalado por la Sociedad Mexicana de Cirug\u00eda Neurologica A.C.<br \/>Agosto del 2009 \u2014 Guadalajara.<\/p><p>Curso de Especialidad en Ortopedia y Trraumatologia.<br \/>AO Spine Residents Seminar: Ciencias B\u00e0sicas.<br \/>Agosto del 2009 \u2014 Guadalajara.<\/p><p>AO Spine Residents Seminar: Ciencias B\u00e0sicas.<br \/>Octubre del 2009 \u2014 Guadalajara.<\/p><p>XX Congreso Nacional AMOT. Avalado por Asociaci\u00f3n Mexicana de Ortopedia y Traumatologia, Federacion y Colegio Nacional de Ortopedia, A.C., El Colegio Medico de Ortopedia de Jalisco, A.C.<br \/>Febrero del 2010 Guadalajara.<\/p><p>X Reuni\u00f3n Internacional de la Sociedad Mexicana de Cirug\u00eda de Cadera.<br \/>Julio del 2012 \u2014 Puerto Vallarta.<\/p><p>Curso avances en ortopedia, manejo de fracturas complejas.<br \/>Marzo del 2013 Chicago, Il.<\/p><p>American Academy Orthopaedic Suergeons meeting, el cual acudi como miembro internacional afiliado.<br \/>Mayo del 2013 \u2014 San Francisco California.<\/p><p>8th Annual San Francisco Orthopaedic Trauma Course, avalado por la University of California San Francisco.<br \/>Mayo del 2013 \u2014 Guadalajara.<\/p><p>Participacion como Ponente en la sesion general con el tema Lumbalgias en el hospital HGR 45 \u201cAyala\u201d IMSS.<br \/>Febrero del 2015 \u2014 Puerto Vallarta<\/p><p>XV Reunion Internacional de la Sociedad Mexicana de Cirugia de Cader A.C.<br \/>Mayo del 2015 \u2014 Estados Unidos De America.<\/p><p>Ingreso como Miembro de North American Spine Society.<\/p>                    <\/div>\n\t\t        \n                    <div id=\"idiomas-tab\" class=\"clearfix eael-tab-content-item inactive\" data-title-link=\"idiomas-tab\">\n\t\t\t\t        <p>Mayo del 2004 Proulex \u2014 Guadalajara Jal<\/p><p>Diplomado universitario en ingles PDU con valor de 480 hrs.<br \/>2005 Alianza Francesa \u2014 Guadalajara Jal<\/p><p>Curs\u00e9 6 niveles b\u00e1sicos de franc\u00e9s en la Alianza francesa de Guadalajara.<\/p>                    <\/div>\n\t\t                    <\/div>\n        <\/div>\n\t\t\t\t<\/div>\n\t\t\t\t<\/div>\n\t\t\t\t\t<\/div>\n\t\t<\/div>\n\t\t\t\t\t<\/div>\n\t\t<\/section>\n\t\t\t\t<\/div>\n\t\t","protected":false},"excerpt":{"rendered":"<p>DR. GUSTAVO RAMIREZ REYNA UNIVERSITY CURSOS IDIOMAS 2000- 2004 Universidad Aut\u00f3noma de Guadalajara \u2014 Guadalajara Jal. Facultad de medicina curs\u00e9 con los 8 semestres de la carrera de medicina.Graduado en el a\u00f1o 2004.Realizaci\u00f3n de examen profesional te\u00f3rico practico en julio del 2005, acreditando ambos ex\u00e1menes.2004- 2005 Internado Rotatorio de Pregrado \u2014 Guadalajara Jal Internado rotatorio de pregrado realizado en el Hospital \u00c1ngeles del Carmen, rotando por los servicios de Ginecolog\u00eda y Obstetricia, Medicina Critica, Medicina Interna, Urgencias y Cirug\u00eda, obteniendo carta de terminaci\u00f3n del internado.2005 Servicio Social \u2014 Guadalajara Jal Servicio Social realizado en la modalidad de vinculaci\u00f3n del 01 de Agosto del 2005 al 31 de Julio del 2006 rotando por:Primer periodo a el Centro de Salud de San Juan de Ocotan, en Zapopan Jalisco, correspondiente a la regi\u00f3n sanitaria numero X.Segundo periodo de servicio social realizado en la Unidad M\u00f3vil del Programa de Medicina en la Comunidad de la UAG.2007-2011 Estudios de Postgrado \u2014 Guadalajara Jal Curso de Especialidad en Ortopedia y Trraumatologia.Realizado en CMNO UMAE HE, donde rote durante 4 a\u00f1os durante las diferentes fases de formaci\u00f3n del residente de esta especialidad, cumpliendo con los requisitos y programas de dicha especialidad, adquiriendo diferentes habilidades cl\u00ednico-quir\u00fargicas, finalizando dicho curso en Febrero del 2011.Rotando principalmente en los modulos de Columna, Pelvis, acetabulo, Mano y Hombro.Actualmente encargado del servicio de Columna y Cadera Traumatica en el Instituto Mexicano del Seguro Social, Hospital General Regional 45 \u201cAyala\u201d en turno matutino. 2004 ACS \u2014 Guadalajara Jal Realizaci\u00f3n del curso Advanced Trauma Life Support (ATLS) llevado a cavo en el hospital Angeles del Carmen de la ciudad de Guadalajara, realizando los examenes, acreditando, obteniendo as\u00ed credencial validada por el ACS con validez por 4 a\u00f1os.Marzo del 2008 \u2014 Queretaro. Avances en Cirug\u00eda Ortopedica Pediatrica de AO Foundation (Arbeitsgemeinschaft f\u00fcr Osteosynthesefragen\/ ASIF: Association for the Study of Internal Fixation) Recibiendo Certificado de acreditaci\u00f3n de dicho curso.Octubre del 2008 \u2014 Ciudad de Mexico. Taller Te\u00f3rico-Practico \u201cinstrumentaci\u00f3n pr\u00f3tesis y anatom\u00eda quir\u00fargica de la columna vertebral. Recibiendo Constancia avalado por la Sociedad Mexicana de Cirug\u00eda Neurologica A.C.Agosto del 2009 \u2014 Guadalajara. Curso de Especialidad en Ortopedia y Trraumatologia.AO Spine Residents Seminar: Ciencias B\u00e0sicas.Agosto del 2009 \u2014 Guadalajara. AO Spine Residents Seminar: Ciencias B\u00e0sicas.Octubre del 2009 \u2014 Guadalajara. XX Congreso Nacional AMOT. Avalado por Asociaci\u00f3n Mexicana de Ortopedia y Traumatologia, Federacion y Colegio Nacional de Ortopedia, A.C., El Colegio Medico de Ortopedia de Jalisco, A.C.Febrero del 2010 Guadalajara. X Reuni\u00f3n Internacional de la Sociedad Mexicana de Cirug\u00eda de Cadera.Julio del 2012 \u2014 Puerto Vallarta. Curso avances en ortopedia, manejo de fracturas complejas.Marzo del 2013 Chicago, Il. American Academy Orthopaedic Suergeons meeting, el cual acudi como miembro internacional afiliado.Mayo del 2013 \u2014 San Francisco California. 8th Annual San Francisco Orthopaedic Trauma Course, avalado por la University of California San Francisco.Mayo del 2013 \u2014 Guadalajara. Participacion como Ponente en la sesion general con el tema Lumbalgias en el hospital HGR 45 \u201cAyala\u201d IMSS.Febrero del 2015 \u2014 Puerto Vallarta XV Reunion Internacional de la Sociedad Mexicana de Cirugia de Cader A.C.Mayo del 2015 \u2014 Estados Unidos De America. Ingreso como Miembro de North American Spine Society. Mayo del 2004 Proulex \u2014 Guadalajara Jal Diplomado universitario en ingles PDU con valor de 480 hrs.2005 Alianza Francesa \u2014 Guadalajara Jal Curs\u00e9 6 niveles b\u00e1sicos de franc\u00e9s en la Alianza francesa de Guadalajara.<\/p>\n","protected":false},"author":1,"featured_media":0,"parent":0,"menu_order":0,"comment_status":"closed","ping_status":"closed","template":"elementor_header_footer","meta":{"footnotes":""},"class_list":["post-649","page","type-page","status-publish","hentry"],"_links":{"self":[{"href":"http:\/\/drgustavoramirez.com\/index.php?rest_route=\/wp\/v2\/pages\/649","targetHints":{"allow":["GET"]}}],"collection":[{"href":"http:\/\/drgustavoramirez.com\/index.php?rest_route=\/wp\/v2\/pages"}],"about":[{"href":"http:\/\/drgustavoramirez.com\/index.php?rest_route=\/wp\/v2\/types\/page"}],"author":[{"embeddable":true,"href":"http:\/\/drgustavoramirez.com\/index.php?rest_route=\/wp\/v2\/users\/1"}],"replies":[{"embeddable":true,"href":"http:\/\/drgustavoramirez.com\/index.php?rest_route=%2Fwp%2Fv2%2Fcomments&post=649"}],"version-history":[{"count":11,"href":"http:\/\/drgustavoramirez.com\/index.php?rest_route=\/wp\/v2\/pages\/649\/revisions"}],"predecessor-version":[{"id":686,"href":"http:\/\/drgustavoramirez.com\/index.php?rest_route=\/wp\/v2\/pages\/649\/revisions\/686"}],"wp:attachment":[{"href":"http:\/\/drgustavoramirez.com\/index.php?rest_route=%2Fwp%2Fv2%2Fmedia&parent=649"}],"curies":[{"name":"wp","href":"https:\/\/api.w.org\/{rel}","templated":true}]}}